{"id":1099,"date":"2025-05-04T00:08:54","date_gmt":"2025-05-03T22:08:54","guid":{"rendered":"https:\/\/cierpkiejagody.com\/?post_type=product&#038;p=1099"},"modified":"2025-10-17T19:10:58","modified_gmt":"2025-10-17T17:10:58","slug":"lily","status":"publish","type":"product","link":"https:\/\/cierpkiejagody.com\/en\/produkt\/lily\/","title":{"rendered":"Lily"},"content":{"rendered":"<p>Po\u015br\u00f3d mroku i cieni wy\u0142ania si\u0119 bia\u0142a lilia, jej p\u0142atki rozchylaj\u0105 si\u0119 delikatnie, jakby przyjmowa\u0142y \u015bwiat\u0142o skrytego w oddali blasku. Li\u015bcie i \u0142odygi oplataj\u0105 j\u0105, chroni\u0105c jej subteln\u0105 form\u0119 przed ch\u0142odem nocy. W tle pulsuje tajemnicza po\u015bwiata, niczym ksi\u0119\u017cycowy promie\u0144 zagubiony w g\u0105szczu. Kwiat zdaje si\u0119 trwa\u0107 w ciszy i elegancji.<\/p>\n<h6><\/h6>\n<ul>\n<li><strong>Materia\u0142:\u00a0<\/strong>matowy laminat<\/li>\n<li><strong>Wymiary:\u00a0<\/strong>40x50mm<\/li>\n<li><strong>Autor ilustracji: <\/strong>Julia Czuchryta<strong><br \/>\n<\/strong><\/li>\n<\/ul>\n<h6><\/h6>\n<p><em>Rzeczywiste kolory mog\u0105 si\u0119 r\u00f3\u017cni\u0107. Wynika to z faktu, \u017ce monitory komputerowe wy\u015bwietlaj\u0105 kolory w inny spos\u00f3b i ka\u017cdy mo\u017ce je widzie\u0107 inaczej.<\/em><\/p>\n","protected":false},"excerpt":{"rendered":"<p>Po\u015br\u00f3d mroku i cieni wy\u0142ania si\u0119 bia\u0142a lilia, jej p\u0142atki rozchylaj\u0105 si\u0119 delikatnie, jakby przyjmowa\u0142y \u015bwiat\u0142o skrytego w oddali blasku. Li\u015bcie i \u0142odygi oplataj\u0105 j\u0105, chroni\u0105c jej subteln\u0105 form\u0119 przed ch\u0142odem nocy. W tle pulsuje tajemnicza po\u015bwiata, niczym ksi\u0119\u017cycowy promie\u0144 zagubiony w g\u0105szczu. Kwiat zdaje si\u0119 trwa\u0107 w ciszy i elegancji. Materia\u0142:\u00a0matowy laminat Wymiary:\u00a040x50mm Autor [&hellip;]<\/p>\n","protected":false},"featured_media":1100,"template":"","meta":{"_seopress_robots_primary_cat":"none","_seopress_titles_title":"","_seopress_titles_desc":"Naklejka \"Lilia\" \u2014 subtelna biel kwiatu w\u015br\u00f3d tajemniczego, mrocznego t\u0142a. Doskona\u0142a do dekoracji dla mi\u0142o\u015bnik\u00f3w elegancji i natury.","_seopress_robots_index":""},"product_brand":[],"product_cat":[68,65],"product_tag":[],"class_list":{"0":"post-1099","1":"product","2":"type-product","3":"status-publish","4":"has-post-thumbnail","6":"product_cat-kwiaty","7":"product_cat-naklejki","9":"first","10":"instock","11":"taxable","12":"shipping-taxable","13":"purchasable","14":"product-type-simple"},"_links":{"self":[{"href":"https:\/\/cierpkiejagody.com\/en\/wp-json\/wp\/v2\/product\/1099","targetHints":{"allow":["GET"]}}],"collection":[{"href":"https:\/\/cierpkiejagody.com\/en\/wp-json\/wp\/v2\/product"}],"about":[{"href":"https:\/\/cierpkiejagody.com\/en\/wp-json\/wp\/v2\/types\/product"}],"wp:featuredmedia":[{"embeddable":true,"href":"https:\/\/cierpkiejagody.com\/en\/wp-json\/wp\/v2\/media\/1100"}],"wp:attachment":[{"href":"https:\/\/cierpkiejagody.com\/en\/wp-json\/wp\/v2\/media?parent=1099"}],"wp:term":[{"taxonomy":"product_brand","embeddable":true,"href":"https:\/\/cierpkiejagody.com\/en\/wp-json\/wp\/v2\/product_brand?post=1099"},{"taxonomy":"product_cat","embeddable":true,"href":"https:\/\/cierpkiejagody.com\/en\/wp-json\/wp\/v2\/product_cat?post=1099"},{"taxonomy":"product_tag","embeddable":true,"href":"https:\/\/cierpkiejagody.com\/en\/wp-json\/wp\/v2\/product_tag?post=1099"}],"curies":[{"name":"wp","href":"https:\/\/api.w.org\/{rel}","templated":true}]}}