{"id":1093,"date":"2025-05-04T00:04:29","date_gmt":"2025-05-03T22:04:29","guid":{"rendered":"https:\/\/cierpkiejagody.com\/?post_type=product&#038;p=1093"},"modified":"2025-10-17T19:10:59","modified_gmt":"2025-10-17T17:10:59","slug":"hibiscus","status":"publish","type":"product","link":"https:\/\/cierpkiejagody.com\/en\/produkt\/hibiscus\/","title":{"rendered":"Hibiscus"},"content":{"rendered":"<p>Hibiskus o p\u0142atkach w ciep\u0142ych odcieniach pomara\u0144czu rozkwita w pe\u0142ni, jakby uchwycony w najbardziej \u015bwietlistej chwili dnia. T\u0142o, pulsuj\u0105ce z\u0142ocistymi refleksami i g\u0142\u0119bok\u0105 zieleni\u0105. Zapisany w barwach fragment lata zatrzymany na kartach ksi\u0105\u017cki.<\/p>\n<h6><\/h6>\n<ul>\n<li><strong>Materia\u0142:\u00a0<\/strong>matowy laminat<\/li>\n<li><strong>Wymiary:\u00a0<\/strong>40x50mm<\/li>\n<li><strong>Autor ilustracji: <\/strong>Julia Czuchryta<strong><br \/>\n<\/strong><\/li>\n<\/ul>\n<h6><\/h6>\n<p><em>Rzeczywiste kolory mog\u0105 si\u0119 r\u00f3\u017cni\u0107. Wynika to z faktu, \u017ce monitory komputerowe wy\u015bwietlaj\u0105 kolory w inny spos\u00f3b i ka\u017cdy mo\u017ce je widzie\u0107 inaczej.<\/em><\/p>\n","protected":false},"excerpt":{"rendered":"<p>Hibiskus o p\u0142atkach w ciep\u0142ych odcieniach pomara\u0144czu rozkwita w pe\u0142ni, jakby uchwycony w najbardziej \u015bwietlistej chwili dnia. T\u0142o, pulsuj\u0105ce z\u0142ocistymi refleksami i g\u0142\u0119bok\u0105 zieleni\u0105. Zapisany w barwach fragment lata zatrzymany na kartach ksi\u0105\u017cki. Materia\u0142:\u00a0matowy laminat Wymiary:\u00a040x50mm Autor ilustracji: Julia Czuchryta Rzeczywiste kolory mog\u0105 si\u0119 r\u00f3\u017cni\u0107. Wynika to z faktu, \u017ce monitory komputerowe wy\u015bwietlaj\u0105 kolory w [&hellip;]<\/p>\n","protected":false},"featured_media":1096,"template":"","meta":{"_seopress_robots_primary_cat":"none","_seopress_titles_title":"","_seopress_titles_desc":"Naklejka \"Hibiskus\" \u2014 z\u0142ociste kwiaty w magicznym blasku. Idealna do ozdoby notes\u00f3w, laptop\u00f3w i tworzenia wyj\u0105tkowej atmosfery.","_seopress_robots_index":""},"product_brand":[],"product_cat":[68,65],"product_tag":[],"class_list":{"0":"post-1093","1":"product","2":"type-product","3":"status-publish","4":"has-post-thumbnail","6":"product_cat-kwiaty","7":"product_cat-naklejki","9":"first","10":"instock","11":"taxable","12":"shipping-taxable","13":"purchasable","14":"product-type-simple"},"_links":{"self":[{"href":"https:\/\/cierpkiejagody.com\/en\/wp-json\/wp\/v2\/product\/1093","targetHints":{"allow":["GET"]}}],"collection":[{"href":"https:\/\/cierpkiejagody.com\/en\/wp-json\/wp\/v2\/product"}],"about":[{"href":"https:\/\/cierpkiejagody.com\/en\/wp-json\/wp\/v2\/types\/product"}],"wp:featuredmedia":[{"embeddable":true,"href":"https:\/\/cierpkiejagody.com\/en\/wp-json\/wp\/v2\/media\/1096"}],"wp:attachment":[{"href":"https:\/\/cierpkiejagody.com\/en\/wp-json\/wp\/v2\/media?parent=1093"}],"wp:term":[{"taxonomy":"product_brand","embeddable":true,"href":"https:\/\/cierpkiejagody.com\/en\/wp-json\/wp\/v2\/product_brand?post=1093"},{"taxonomy":"product_cat","embeddable":true,"href":"https:\/\/cierpkiejagody.com\/en\/wp-json\/wp\/v2\/product_cat?post=1093"},{"taxonomy":"product_tag","embeddable":true,"href":"https:\/\/cierpkiejagody.com\/en\/wp-json\/wp\/v2\/product_tag?post=1093"}],"curies":[{"name":"wp","href":"https:\/\/api.w.org\/{rel}","templated":true}]}}