{"id":1087,"date":"2025-05-03T23:52:32","date_gmt":"2025-05-03T21:52:32","guid":{"rendered":"https:\/\/cierpkiejagody.com\/?post_type=product&#038;p=1087"},"modified":"2025-10-17T19:07:29","modified_gmt":"2025-10-17T17:07:29","slug":"little-thieves-ii","status":"publish","type":"product","link":"https:\/\/cierpkiejagody.com\/en\/produkt\/little-thieves-ii\/","title":{"rendered":"Little Thieves II"},"content":{"rendered":"<p>W \u015bwietle ksi\u0119\u017cyca i gwiazd zapisano stare przys\u0142owie, kt\u00f3re wybrzmiewa niczym echo dawnej m\u0105dro\u015bci. D\u0142o\u0144, a w niej spoczywaj\u0105cy fening, per\u0142y otaczaj\u0105ce jej palce niczym spl\u0105tane nici przeznaczenia. Pytanie o granice mi\u0119dzy z\u0142odziejem a w\u0142adc\u0105.<\/p>\n<h6><\/h6>\n<ul>\n<li><strong>Materia\u0142: <\/strong>sztywny wydruk, b\u0142yszcz\u0105cy laminat<\/li>\n<li><strong>Wymiary: <\/strong>50x200mm<\/li>\n<li><strong>Szczeg\u00f3\u0142y: <\/strong>zak\u0142adka dwustronna<\/li>\n<li><strong>Autor ilustracji: <\/strong>Julia Czuchryta<strong><br \/>\n<\/strong><\/li>\n<\/ul>\n<h6><\/h6>\n<p><em>Rzeczywiste kolory mog\u0105 si\u0119 r\u00f3\u017cni\u0107. Wynika to z faktu, \u017ce monitory komputerowe wy\u015bwietlaj\u0105 kolory w inny spos\u00f3b i ka\u017cdy mo\u017ce je widzie\u0107 inaczej.<\/em><\/p>\n","protected":false},"excerpt":{"rendered":"<p>W \u015bwietle ksi\u0119\u017cyca i gwiazd zapisano stare przys\u0142owie, kt\u00f3re wybrzmiewa niczym echo dawnej m\u0105dro\u015bci. D\u0142o\u0144, a w niej spoczywaj\u0105cy fening, per\u0142y otaczaj\u0105ce jej palce niczym spl\u0105tane nici przeznaczenia. Pytanie o granice mi\u0119dzy z\u0142odziejem a w\u0142adc\u0105. Materia\u0142: sztywny wydruk, b\u0142yszcz\u0105cy laminat Wymiary: 50x200mm Szczeg\u00f3\u0142y: zak\u0142adka dwustronna Autor ilustracji: Julia Czuchryta Rzeczywiste kolory mog\u0105 si\u0119 r\u00f3\u017cni\u0107. Wynika [&hellip;]<\/p>\n","protected":false},"featured_media":1088,"template":"","meta":{"_seopress_robots_primary_cat":"none","_seopress_titles_title":"","_seopress_titles_desc":"Zak\u0142adka \"Mali z\u0142odzieje II\" \u2014 d\u0142o\u0144 z per\u0142ami i z\u0142ot\u0105 monet\u0105, idealna dla mi\u0142o\u015bnik\u00f3w tajemnic, skarb\u00f3w i ksi\u0105\u017cek pe\u0142nych przyg\u00f3d.","_seopress_robots_index":""},"product_brand":[],"product_cat":[64],"product_tag":[],"class_list":{"0":"post-1087","1":"product","2":"type-product","3":"status-publish","4":"has-post-thumbnail","6":"product_cat-zakladki","8":"first","9":"instock","10":"taxable","11":"shipping-taxable","12":"purchasable","13":"product-type-simple"},"_links":{"self":[{"href":"https:\/\/cierpkiejagody.com\/en\/wp-json\/wp\/v2\/product\/1087","targetHints":{"allow":["GET"]}}],"collection":[{"href":"https:\/\/cierpkiejagody.com\/en\/wp-json\/wp\/v2\/product"}],"about":[{"href":"https:\/\/cierpkiejagody.com\/en\/wp-json\/wp\/v2\/types\/product"}],"wp:featuredmedia":[{"embeddable":true,"href":"https:\/\/cierpkiejagody.com\/en\/wp-json\/wp\/v2\/media\/1088"}],"wp:attachment":[{"href":"https:\/\/cierpkiejagody.com\/en\/wp-json\/wp\/v2\/media?parent=1087"}],"wp:term":[{"taxonomy":"product_brand","embeddable":true,"href":"https:\/\/cierpkiejagody.com\/en\/wp-json\/wp\/v2\/product_brand?post=1087"},{"taxonomy":"product_cat","embeddable":true,"href":"https:\/\/cierpkiejagody.com\/en\/wp-json\/wp\/v2\/product_cat?post=1087"},{"taxonomy":"product_tag","embeddable":true,"href":"https:\/\/cierpkiejagody.com\/en\/wp-json\/wp\/v2\/product_tag?post=1087"}],"curies":[{"name":"wp","href":"https:\/\/api.w.org\/{rel}","templated":true}]}}